{"id":1443,"date":"2017-01-04T16:22:12","date_gmt":"2017-01-04T16:22:12","guid":{"rendered":"http:\/\/www.storesardinia.com\/product\/lun-isola-dei-nuraghi-igt-agricola-soi\/"},"modified":"2017-09-18T10:10:53","modified_gmt":"2017-09-18T10:10:53","slug":"lun-isola-dei-nuraghi-igt-agricola-soi","status":"publish","type":"product","link":"https:\/\/storesardinia.com\/en\/prodotto\/lun-isola-dei-nuraghi-igt-agricola-soi\/","title":{"rendered":"LUN, Isola dei Nuraghi &#8211; IGT"},"content":{"rendered":"<p><span style=\"font-weight: 400;\">Provenienza: Nuragus<\/span><\/p>\n<p><span style=\"font-weight: 400;\">Uve: Selezione di uve Bovale sardo, Cagnulari, Barbera sarda, Sirah<\/span><\/p>\n<p><span style=\"font-weight: 400;\">Gradazione: 12,5<\/span><\/p>\n<p><span style=\"font-weight: 400;\">Classificazione: Isola dei Nuraghi IGT<\/span><\/p>\n<p><span style=\"font-weight: 400;\">Lun \u00e8 un vino IGT Isole dei Nuraghi prodotto da una selezione di uve Bovale sardo, Cagnulari, Barbera sarda, Sirah. Il colore \u00e8 rosso rubino intenso, con riflessi violacei. Il profumo \u00e8 intenso, con particolari richiami di cappero, acciuga e spezie dolci. Il sapore \u00e8 elegante, con tannini ben espressi, abbondanti, ma equilibrati e piacevoli, ben bilanciati da un\u2019ottima struttura acida che rende il vino croccante e vivo.<\/span><\/p>\n<p><span style=\"font-weight: 400;\">Consigli di conservazione e servizio: <\/span><\/p>\n<p><span style=\"font-weight: 400;\">Si consiglia di servire a una temperatura di 16-18 \u00b0C<\/span><\/p>\n","protected":false},"excerpt":{"rendered":"<p>Lun \u00e8 un vino IGT Isole dei Nuraghi prodotto da una selezione di uve Bovale sardo, Cagnulari, Barbera sarda, Sirah. Il colore \u00e8 rosso rubino intenso, con riflessi violacei. Il profumo \u00e8 intenso, con particolari richiami di cappero, acciuga e spezie dolci. Il sapore \u00e8 elegante, con tannini ben espressi, abbondanti, ma equilibrati e piacevoli, ben bilanciati da un\u2019ottima struttura acida che rende il vino croccante e vivo.<\/p>\n","protected":false},"featured_media":446,"comment_status":"closed","ping_status":"closed","template":"","meta":{"_et_pb_use_builder":"","_et_pb_old_content":"","_et_gb_content_width":""},"product_brand":[],"product_cat":[30,31,32,33,34],"product_tag":[35,36,37],"class_list":{"0":"post-1443","1":"product","2":"type-product","3":"status-publish","4":"has-post-thumbnail","6":"product_cat-cannonau-en","7":"product_cat-doc-en","8":"product_cat-igt-en","9":"product_cat-isola-dei-nuraghi-en","10":"product_cat-vini-en","11":"product_tag-isola-dei-nuraghi-en","12":"product_tag-lun-en","13":"product_tag-soi-en","15":"first","16":"outofstock","17":"shipping-taxable","18":"purchasable","19":"product-type-simple"},"yoast_head":"<!-- This site is optimized with the Yoast SEO plugin v27.0 - https:\/\/yoast.com\/product\/yoast-seo-wordpress\/ -->\n<title>LUN, Isola dei Nuraghi - IGT - Sardinia Store<\/title>\n<meta name=\"robots\" content=\"index, follow, max-snippet:-1, max-image-preview:large, max-video-preview:-1\" \/>\n<link rel=\"canonical\" href=\"https:\/\/storesardinia.com\/prodotto\/lun-isola-dei-nuraghi-igt-agricola-soi\/\" \/>\n<meta property=\"og:locale\" content=\"en_US\" \/>\n<meta property=\"og:type\" content=\"article\" \/>\n<meta property=\"og:title\" content=\"LUN, Isola dei Nuraghi - IGT - Sardinia Store\" \/>\n<meta property=\"og:description\" content=\"Lun \u00e8 un vino IGT Isole dei Nuraghi prodotto da una selezione di uve Bovale sardo, Cagnulari, Barbera sarda, Sirah. Il colore \u00e8 rosso rubino intenso, con riflessi violacei. Il profumo \u00e8 intenso, con particolari richiami di cappero, acciuga e spezie dolci. Il sapore \u00e8 elegante, con tannini ben espressi, abbondanti, ma equilibrati e piacevoli, ben bilanciati da un\u2019ottima struttura acida che rende il vino croccante e vivo.\" \/>\n<meta property=\"og:url\" content=\"https:\/\/storesardinia.com\/prodotto\/lun-isola-dei-nuraghi-igt-agricola-soi\/\" \/>\n<meta property=\"og:site_name\" content=\"Sardinia Store\" \/>\n<meta property=\"article:publisher\" content=\"https:\/\/www.facebook.com\/StoreSardinia\" \/>\n<meta property=\"article:modified_time\" content=\"2017-09-18T10:10:53+00:00\" \/>\n<meta property=\"og:image\" content=\"https:\/\/storesardinia.com\/wp-content\/uploads\/2016\/12\/isola-dei-nuraghi-lun-500-1.jpg\" \/>\n\t<meta property=\"og:image:width\" content=\"500\" \/>\n\t<meta property=\"og:image:height\" content=\"685\" \/>\n\t<meta property=\"og:image:type\" content=\"image\/jpeg\" \/>\n<meta name=\"twitter:card\" content=\"summary_large_image\" \/>\n<meta name=\"twitter:site\" content=\"@StoreSardinia\" \/>\n<script type=\"application\/ld+json\" class=\"yoast-schema-graph\">{\"@context\":\"https:\/\/schema.org\",\"@graph\":[{\"@type\":\"WebPage\",\"@id\":\"https:\/\/storesardinia.com\/prodotto\/lun-isola-dei-nuraghi-igt-agricola-soi\/\",\"url\":\"https:\/\/storesardinia.com\/prodotto\/lun-isola-dei-nuraghi-igt-agricola-soi\/\",\"name\":\"LUN, Isola dei Nuraghi - IGT - Sardinia Store\",\"isPartOf\":{\"@id\":\"https:\/\/storesardinia.com\/#website\"},\"primaryImageOfPage\":{\"@id\":\"https:\/\/storesardinia.com\/prodotto\/lun-isola-dei-nuraghi-igt-agricola-soi\/#primaryimage\"},\"image\":{\"@id\":\"https:\/\/storesardinia.com\/prodotto\/lun-isola-dei-nuraghi-igt-agricola-soi\/#primaryimage\"},\"thumbnailUrl\":\"https:\/\/storesardinia.com\/wp-content\/uploads\/2016\/12\/isola-dei-nuraghi-lun-500-1.jpg\",\"datePublished\":\"2017-01-04T16:22:12+00:00\",\"dateModified\":\"2017-09-18T10:10:53+00:00\",\"breadcrumb\":{\"@id\":\"https:\/\/storesardinia.com\/prodotto\/lun-isola-dei-nuraghi-igt-agricola-soi\/#breadcrumb\"},\"inLanguage\":\"en-US\",\"potentialAction\":[{\"@type\":\"ReadAction\",\"target\":[\"https:\/\/storesardinia.com\/prodotto\/lun-isola-dei-nuraghi-igt-agricola-soi\/\"]}]},{\"@type\":\"ImageObject\",\"inLanguage\":\"en-US\",\"@id\":\"https:\/\/storesardinia.com\/prodotto\/lun-isola-dei-nuraghi-igt-agricola-soi\/#primaryimage\",\"url\":\"https:\/\/storesardinia.com\/wp-content\/uploads\/2016\/12\/isola-dei-nuraghi-lun-500-1.jpg\",\"contentUrl\":\"https:\/\/storesardinia.com\/wp-content\/uploads\/2016\/12\/isola-dei-nuraghi-lun-500-1.jpg\",\"width\":500,\"height\":685},{\"@type\":\"BreadcrumbList\",\"@id\":\"https:\/\/storesardinia.com\/prodotto\/lun-isola-dei-nuraghi-igt-agricola-soi\/#breadcrumb\",\"itemListElement\":[{\"@type\":\"ListItem\",\"position\":1,\"name\":\"Home\",\"item\":\"https:\/\/storesardinia.com\/en\/\"},{\"@type\":\"ListItem\",\"position\":2,\"name\":\"Shop\",\"item\":\"https:\/\/storesardinia.com\/negozio\/\"},{\"@type\":\"ListItem\",\"position\":3,\"name\":\"LUN, Isola dei Nuraghi &#8211; IGT\"}]},{\"@type\":\"WebSite\",\"@id\":\"https:\/\/storesardinia.com\/#website\",\"url\":\"https:\/\/storesardinia.com\/\",\"name\":\"Sardinia Store\",\"description\":\"Sardinia Store\",\"potentialAction\":[{\"@type\":\"SearchAction\",\"target\":{\"@type\":\"EntryPoint\",\"urlTemplate\":\"https:\/\/storesardinia.com\/?s={search_term_string}\"},\"query-input\":{\"@type\":\"PropertyValueSpecification\",\"valueRequired\":true,\"valueName\":\"search_term_string\"}}],\"inLanguage\":\"en-US\"}]}<\/script>\n<!-- \/ Yoast SEO plugin. -->","yoast_head_json":{"title":"LUN, Isola dei Nuraghi - IGT - Sardinia Store","robots":{"index":"index","follow":"follow","max-snippet":"max-snippet:-1","max-image-preview":"max-image-preview:large","max-video-preview":"max-video-preview:-1"},"canonical":"https:\/\/storesardinia.com\/prodotto\/lun-isola-dei-nuraghi-igt-agricola-soi\/","og_locale":"en_US","og_type":"article","og_title":"LUN, Isola dei Nuraghi - IGT - Sardinia Store","og_description":"Lun \u00e8 un vino IGT Isole dei Nuraghi prodotto da una selezione di uve Bovale sardo, Cagnulari, Barbera sarda, Sirah. Il colore \u00e8 rosso rubino intenso, con riflessi violacei. Il profumo \u00e8 intenso, con particolari richiami di cappero, acciuga e spezie dolci. Il sapore \u00e8 elegante, con tannini ben espressi, abbondanti, ma equilibrati e piacevoli, ben bilanciati da un\u2019ottima struttura acida che rende il vino croccante e vivo.","og_url":"https:\/\/storesardinia.com\/prodotto\/lun-isola-dei-nuraghi-igt-agricola-soi\/","og_site_name":"Sardinia Store","article_publisher":"https:\/\/www.facebook.com\/StoreSardinia","article_modified_time":"2017-09-18T10:10:53+00:00","og_image":[{"width":500,"height":685,"url":"https:\/\/storesardinia.com\/wp-content\/uploads\/2016\/12\/isola-dei-nuraghi-lun-500-1.jpg","type":"image\/jpeg"}],"twitter_card":"summary_large_image","twitter_site":"@StoreSardinia","schema":{"@context":"https:\/\/schema.org","@graph":[{"@type":"WebPage","@id":"https:\/\/storesardinia.com\/prodotto\/lun-isola-dei-nuraghi-igt-agricola-soi\/","url":"https:\/\/storesardinia.com\/prodotto\/lun-isola-dei-nuraghi-igt-agricola-soi\/","name":"LUN, Isola dei Nuraghi - IGT - Sardinia Store","isPartOf":{"@id":"https:\/\/storesardinia.com\/#website"},"primaryImageOfPage":{"@id":"https:\/\/storesardinia.com\/prodotto\/lun-isola-dei-nuraghi-igt-agricola-soi\/#primaryimage"},"image":{"@id":"https:\/\/storesardinia.com\/prodotto\/lun-isola-dei-nuraghi-igt-agricola-soi\/#primaryimage"},"thumbnailUrl":"https:\/\/storesardinia.com\/wp-content\/uploads\/2016\/12\/isola-dei-nuraghi-lun-500-1.jpg","datePublished":"2017-01-04T16:22:12+00:00","dateModified":"2017-09-18T10:10:53+00:00","breadcrumb":{"@id":"https:\/\/storesardinia.com\/prodotto\/lun-isola-dei-nuraghi-igt-agricola-soi\/#breadcrumb"},"inLanguage":"en-US","potentialAction":[{"@type":"ReadAction","target":["https:\/\/storesardinia.com\/prodotto\/lun-isola-dei-nuraghi-igt-agricola-soi\/"]}]},{"@type":"ImageObject","inLanguage":"en-US","@id":"https:\/\/storesardinia.com\/prodotto\/lun-isola-dei-nuraghi-igt-agricola-soi\/#primaryimage","url":"https:\/\/storesardinia.com\/wp-content\/uploads\/2016\/12\/isola-dei-nuraghi-lun-500-1.jpg","contentUrl":"https:\/\/storesardinia.com\/wp-content\/uploads\/2016\/12\/isola-dei-nuraghi-lun-500-1.jpg","width":500,"height":685},{"@type":"BreadcrumbList","@id":"https:\/\/storesardinia.com\/prodotto\/lun-isola-dei-nuraghi-igt-agricola-soi\/#breadcrumb","itemListElement":[{"@type":"ListItem","position":1,"name":"Home","item":"https:\/\/storesardinia.com\/en\/"},{"@type":"ListItem","position":2,"name":"Shop","item":"https:\/\/storesardinia.com\/negozio\/"},{"@type":"ListItem","position":3,"name":"LUN, Isola dei Nuraghi &#8211; IGT"}]},{"@type":"WebSite","@id":"https:\/\/storesardinia.com\/#website","url":"https:\/\/storesardinia.com\/","name":"Sardinia Store","description":"Sardinia Store","potentialAction":[{"@type":"SearchAction","target":{"@type":"EntryPoint","urlTemplate":"https:\/\/storesardinia.com\/?s={search_term_string}"},"query-input":{"@type":"PropertyValueSpecification","valueRequired":true,"valueName":"search_term_string"}}],"inLanguage":"en-US"}]}},"_links":{"self":[{"href":"https:\/\/storesardinia.com\/en\/wp-json\/wp\/v2\/product\/1443","targetHints":{"allow":["GET"]}}],"collection":[{"href":"https:\/\/storesardinia.com\/en\/wp-json\/wp\/v2\/product"}],"about":[{"href":"https:\/\/storesardinia.com\/en\/wp-json\/wp\/v2\/types\/product"}],"replies":[{"embeddable":true,"href":"https:\/\/storesardinia.com\/en\/wp-json\/wp\/v2\/comments?post=1443"}],"wp:featuredmedia":[{"embeddable":true,"href":"https:\/\/storesardinia.com\/en\/wp-json\/wp\/v2\/media\/446"}],"wp:attachment":[{"href":"https:\/\/storesardinia.com\/en\/wp-json\/wp\/v2\/media?parent=1443"}],"wp:term":[{"taxonomy":"product_brand","embeddable":true,"href":"https:\/\/storesardinia.com\/en\/wp-json\/wp\/v2\/product_brand?post=1443"},{"taxonomy":"product_cat","embeddable":true,"href":"https:\/\/storesardinia.com\/en\/wp-json\/wp\/v2\/product_cat?post=1443"},{"taxonomy":"product_tag","embeddable":true,"href":"https:\/\/storesardinia.com\/en\/wp-json\/wp\/v2\/product_tag?post=1443"}],"curies":[{"name":"wp","href":"https:\/\/api.w.org\/{rel}","templated":true}]}}